{"id":1506,"date":"2024-08-13T04:29:04","date_gmt":"2024-08-13T04:29:04","guid":{"rendered":"http:\/\/web.xcaccia.it\/?page_id=1506"},"modified":"2026-01-08T09:54:24","modified_gmt":"2026-01-08T09:54:24","slug":"mesmerize","status":"publish","type":"page","link":"https:\/\/web.xcaccia.it\/","title":{"rendered":"Front Page"},"content":{"rendered":"<div  data-label=\"About\" data-id=\"about--1\" data-export-id=\"about-1\" data-category=\"about\" class=\"about-1 content-section\" id=\"about-1\" style=\"background-color: rgb(255, 255, 255); background-image: none;\"><div  class=\"\"> <div  class=\"row text-center\"><div  class=\"section-title-col\" data-type=\"column\">  <h2  class=\"\">Che cos\u2019\u00e8 XCACCIA<\/h2> <\/div> <\/div> <div  class=\"row\"> <div  class=\"button-holder space-bottom space-bottom-small\" data-type=\"column\"> <\/div> <div  class=\"col-xs bottom-xs flexbox image-group-bottom-3-img space-bottom-xs center-xs\"> <img  decoding=\"async\" class=\"left-img shadow-large-black\" data-size=\"500x300\" src=\"https:\/\/web.xcaccia.it\/wp-content\/uploads\/2025\/02\/cropped-cropped-Screenshot-2024-08-14-alle-16.21.01.png\" title=\"cropped-cropped-Screenshot-2024-08-14-alle-16.21.01.png\" alt=\"\"> <img  decoding=\"async\" class=\"center-img shadow-large-black\" data-size=\"500x300\" src=\"https:\/\/web.xcaccia.it\/wp-content\/uploads\/2025\/02\/cropped-Screenshot-2025-02-07-alle-16.51.13.png\" title=\"cropped-Screenshot-2025-02-07-alle-16.51.13.png\" alt=\"\"> <img  decoding=\"async\" class=\"right-img shadow-large-black\" data-size=\"500x300\" src=\"https:\/\/web.xcaccia.it\/wp-content\/uploads\/2025\/02\/cropped-xcaccia_erba.png\" title=\"cropped-xcaccia_erba.png\" alt=\"\"><\/div> <\/div><\/div> <\/div><div  data-label=\"Features\" data-id=\"features--1\" data-export-id=\"features-16\" data-category=\"features\" class=\"features-16 content-section content-section-spacing\" id=\"features-1\" style=\"background-color: rgb(255, 255, 255); background-image: none;\"><div  class=\"\"> <div  class=\"row text-center\"><div  class=\"section-title-col\" data-type=\"column\">  <\/div> <\/div> <div  class=\"row spaced-cols center-sm content-center-sm\" data-type=\"row\"> <div  class=\"col-xs-12 col-sm-6 col-md-4 space-bottom\">  <div  data-type=\"column\" class=\"col-padding-small col-padding-small-xs description-container\">  <h3  class=\"\">La prima applicazione per la caccia<\/h3><p  class=\"\">XCaccia \u00e8 una applicazione che si installa facilmente sul tuo telefono e ti fornisce indicazioni utili quando vai a caccia: cosa puoi cacciare, quando e dove \u00e8 possibile farlo.<\/p> <\/div> <\/div> <div  class=\"col-xs-12 col-sm-6 col-md-4 space-bottom\">  <div  data-type=\"column\" class=\"col-padding-small col-padding-small-xs description-container\">  <h3  class=\"\">Facile da usare anche da PC<\/h3><p  class=\"\">XCaccia \u00e8 facilissima da usare: basta avviare il programma dal men\u00f9 del tuo telefono e in base alla tua posizione, ti fornir\u00e0 tutte le informazioni che desideri, anche su mappa. Alcune funzioni sono disponibili anche tramite questo sito, nell\u2019Area Utenti.<\/p> <\/div> <\/div> <div  class=\"col-xs-12 col-sm-6 col-md-4 space-bottom\">  <div  data-type=\"column\" class=\"col-padding-small col-padding-small-xs description-container\">  <h3  class=\"\">Per tutti i telefoni<\/h3><p  class=\"\">Indipendentemente dal telefono che possiedi, XCaccia \u00e8 disponibile per tutti i modelli pi\u00f9 recenti: basta andare sul tuo store di applicazioni, cercarla e scaricarla gratuitamente.<\/p> <\/div> <\/div><\/div> <\/div><\/div><div  data-label=\"About\" data-id=\"about--2\" data-export-id=\"about-9\" data-category=\"about\" class=\"about-9 content-section content-section-spacing\" id=\"about-2\" style=\"background-color: rgb(255, 255, 255);\"><div  class=\"gridContainer\"> <div  class=\"row middle-sm text-center\"><div  class=\"col-sm-5 space-bottom-xs content-column content-right-sm\" data-type=\"column\">  <h2  class=\"\">Tante funzioni in una sola app<\/h2> <p  class=\"\">Navigatore con mappe online e offline<br >Diario di caccia<br >Calendari venatori di tutte le Regioni italiane<br >Tesserino Venatorio Elettronico nelle Regioni convenzionate<br >Messaggi di SOS a numeri selezionati<br ><br >\u2026 e tanto altro.<\/p> <a  class=\"button color1\" href=\"https:\/\/web.xcaccia.it?page_id=1781\" target=\"_self\" data-cp-link=\"1\" rel=\"noopener\">COME FUNZIONA?<\/a><\/div> <div  class=\"col-sm-7 flexbox flexbox middle-xs center-xs space-bottom-xs\"><div  class=\"overlay-box flexbox middle-xs center-xs overlay-holder \"> <div  class=\"overlay-box-offset offset-background shadow-medium bg-color2 hide-xs\"><\/div> <img  decoding=\"async\" class=\"flexbox shadow-large img1\" src=\"https:\/\/web.xcaccia.it\/wp-content\/uploads\/2024\/08\/cropped-Screenshot-2024-08-16-alle-11.34.38.png\" data-size=\"600x400\" title=\"cropped-Screenshot-2024-08-16-alle-11.34.38.png\" alt=\"\"><\/div> <\/div><\/div> <\/div><\/div><div  data-label=\"Features\" data-id=\"features--2\" data-export-id=\"features-16-card-bordered\" data-category=\"features\" class=\"features-16-card-bordered content-section content-section-spacing\" id=\"features-2\" style=\"background-color: rgb(245, 250, 253);\"><div  class=\"gridContainer\"> <div  class=\"row text-center\"><div  class=\"section-title-col\" data-type=\"column\"> <h2  class=\"\">Scarica gratuitamente XCaccia sul tuo telefono<\/h2> <h4  class=\"\">Requisiti minimi: Android 7.1 o superiore \u2013 iOS 13.0 o superiore<\/h4><\/div> <\/div> <div  class=\"row spaced-cols\" data-type=\"row\"> <div  class=\"col-xs-12 col-sm-6 col-md-4\"> <div  class=\"card no-padding bordered y-move\"> <a  data-cp-link=\"1\" href=\"https:\/\/play.google.com\/store\/apps\/details?id=com.princ.xcaccia_free\" target=\"_blank\" rel=\"noopener\" class=\"\"><img  decoding=\"async\" class=\"face\" src=\"https:\/\/web.xcaccia.it\/wp-content\/uploads\/2024\/08\/cropped-Google_Play_Store_badge_IT.svg_.png\" title=\"Google_Play_Store_badge_IT.svg\" alt=\"\"><\/a> <div  data-type=\"column\" class=\"col-padding-small col-padding-small-xs description-container\"><h3  class=\"\">Clicca qui per scaricarla su telefoni con sistema operativo Android<\/h3>  <\/div> <div  data-type=\"column\" class=\"col-padding-small col-padding-small-xs read-more-container\"><\/div> <\/div><\/div> <div  class=\"col-xs-12 col-sm-6 col-md-4\"><div  class=\"card no-padding bordered y-move\">  <div  data-type=\"column\" class=\"col-padding-small col-padding-small-xs description-container\">  <\/div> <div  data-type=\"column\" class=\"col-padding-small col-padding-small-xs read-more-container\"><\/div> <\/div><\/div> <div  class=\"col-xs-12 col-sm-6 col-md-4\"><div  class=\"card no-padding bordered y-move\"> <a  data-cp-link=\"1\" href=\"https:\/\/itunes.apple.com\/it\/app\/xcaccia\/id935771107\" target=\"_self\" rel=\"noopener\" class=\"\"><img  decoding=\"async\" class=\"face\" src=\"https:\/\/web.xcaccia.it\/wp-content\/uploads\/2024\/08\/cropped-Download_on_the_App_Store_Badge.svg_.png\" title=\"cropped-huawei-app-gallery-badge.png\" alt=\"\"><\/a> <div  data-type=\"column\" class=\"col-padding-small col-padding-small-xs description-container\"><h3  class=\"\"><span  style=\"font-size: 1.5rem; background-color: transparent;\">Clicca qui per scaricarla su dispositivi Apple (iPhone e iPad)<\/span><\/h3>  <\/div> <div  data-type=\"column\" class=\"col-padding-small col-padding-small-xs read-more-container\"><\/div> <\/div><\/div> <\/div><\/div> <\/div><div  data-label=\"Features\" data-id=\"features--3\" data-export-id=\"features-12\" data-category=\"features\" class=\"features-12 content-section content-section-spacing \" id=\"features-3\" style=\"background-color: rgb(255, 255, 255); background-image: none;\"><div  class=\"gridContainer\"> <div  class=\"row text-center\"><div  class=\"section-title-col\" data-type=\"column\"> <h2  class=\"\">Perch\u00e8 usare XCaccia?<\/h2> <\/div> <\/div> <div  class=\"row spaced-cols\" data-type=\"row\"> <div  class=\"col-sm-6\"> <div  class=\"row space-bottom\"> <div  class=\"col-sm-fit icon-column\"> <i  class=\"fa icon color2 fa-calendar reverse round large\"><\/i> <\/div> <div  class=\"col-sm\" data-type=\"column\"> <h5  class=\"color2\">CALENDARI VENATORI<\/h5> <p  class=\"\">XCaccia contiene tutti i calendari venatori italiani aggiornati. In base alla tua posizione, selezione automaticamente e in tempo reale quello giusto e ti mostra quali specie puoi cacciare in quel momento e in quella zona.<\/p><\/div> <\/div><\/div> <div  class=\"col-sm-6\"><div  class=\"row space-bottom\"> <div  class=\"col-sm-fit icon-column\"><i  class=\"fa icon color2 fa-map-marker reverse round large\"><\/i><\/div> <div  class=\"col-sm\" data-type=\"column\"><h5  class=\"color2\">POSIZIONE GPS<\/h5> <p  class=\"\">XCaccia necessita solo della tua posizione GPS per funzionare, e nient\u2019altro. Sia che tu ti trovi in una zona coperta da segnale telefonico o no, non ha bisogno di connessione dati n\u00e8 di segnale GSM.<\/p><\/div> <\/div><\/div> <div  class=\"col-sm-6\"><div  class=\"row space-bottom\"> <div  class=\"col-sm-fit icon-column\"><i  class=\"fa icon color2 fa-map-o reverse round large\"><\/i><\/div> <div  class=\"col-sm\" data-type=\"column\"><h5  class=\"color2\">CARTOGRAFIA<\/h5> <p  class=\"\">Con XCaccia puoi verificare in ogni momento su mappa la tua posizione esatta, nonch\u00e8 le zone protette vicino a te. Ti segnala immediatamente se hai sconfinato in una zona a caccia vietata o limitata o in un\u2019area specifica.<\/p><\/div> <\/div><\/div> <div  class=\"col-sm-6\"><div  class=\"row space-bottom\"> <div  class=\"col-sm-fit icon-column\"><i  class=\"fa icon color2 fa-exclamation-circle reverse round large\"><\/i><\/div> <div  class=\"col-sm\" data-type=\"column\"><h5  class=\"color2\">MESSAGGI SOS<\/h5> <p  class=\"\">XCaccia ti aiuta in caso di necessit\u00e0: premendo un solo pulsante invierai automaticamente un messaggio di aiuto a cinque numeri di telefono da te preimpostati, con la tua posizione esatta (Comune, Ente, coordinate geografiche).<\/p><\/div> <\/div><\/div> <\/div><\/div> <\/div><div  data-label=\"Cta\" data-id=\"cta--1\" data-export-id=\"cta-blue-section\" data-category=\"cta\" class=\"cta-blue-section content-section content-section-spacing-medium bg-color1 white-text\" id=\"cta-1\" style=\"background-image: none; background-color: rgb(245, 250, 253);\"><div  class=\"gridContainer\"> <div  class=\"row middle-xs\"><div  class=\"col-sm-8 space-bottom-xs\" data-type=\"column\"> <h2  class=\"\">Scopri come utilizzare XCaccia<\/h2> <\/div> <div  class=\"col-sm-4 end-sm\" data-type=\"column\"> <a  class=\"button color2\" href=\"https:\/\/web.xcaccia.it?page_id=1781\" target=\"_self\" data-cp-link=\"1\" rel=\"noopener\">SUPPORTO<\/a><a  class=\"button blue\" href=\"https:\/\/support.xvalue.it\" target=\"_blank\" data-cp-link=\"1\" rel=\"noopener\">CONTATTACI<\/a><\/div> <\/div><\/div> <\/div>","protected":false},"excerpt":{"rendered":"<p>Che cos\u2019\u00e8 XCACCIA La prima applicazione per la cacciaXCaccia \u00e8 una applicazione che si installa facilmente sul tuo telefono e ti fornisce indicazioni utili quando vai a caccia: cosa puoi cacciare, quando e dove \u00e8 possibile farlo. Facile da usare anche da PCXCaccia \u00e8 facilissima da usare: basta avviare il programma dal men\u00f9 del tuo&hellip; <br \/> <a class=\"read-more\" href=\"https:\/\/web.xcaccia.it\/\">Leggi tutto<\/a><\/p>\n","protected":false},"author":1,"featured_media":0,"parent":0,"menu_order":0,"comment_status":"closed","ping_status":"closed","template":"page-templates\/homepage.php","meta":{"footnotes":""},"class_list":["post-1506","page","type-page","status-publish","hentry"],"_links":{"self":[{"href":"https:\/\/web.xcaccia.it\/index.php?rest_route=\/wp\/v2\/pages\/1506","targetHints":{"allow":["GET"]}}],"collection":[{"href":"https:\/\/web.xcaccia.it\/index.php?rest_route=\/wp\/v2\/pages"}],"about":[{"href":"https:\/\/web.xcaccia.it\/index.php?rest_route=\/wp\/v2\/types\/page"}],"author":[{"embeddable":true,"href":"https:\/\/web.xcaccia.it\/index.php?rest_route=\/wp\/v2\/users\/1"}],"replies":[{"embeddable":true,"href":"https:\/\/web.xcaccia.it\/index.php?rest_route=%2Fwp%2Fv2%2Fcomments&post=1506"}],"version-history":[{"count":48,"href":"https:\/\/web.xcaccia.it\/index.php?rest_route=\/wp\/v2\/pages\/1506\/revisions"}],"predecessor-version":[{"id":2413,"href":"https:\/\/web.xcaccia.it\/index.php?rest_route=\/wp\/v2\/pages\/1506\/revisions\/2413"}],"wp:attachment":[{"href":"https:\/\/web.xcaccia.it\/index.php?rest_route=%2Fwp%2Fv2%2Fmedia&parent=1506"}],"curies":[{"name":"wp","href":"https:\/\/api.w.org\/{rel}","templated":true}]}}